{"id":11387,"date":"2023-06-12T12:29:35","date_gmt":"2023-06-12T12:29:35","guid":{"rendered":"https:\/\/boostpilot.ai\/impressum\/"},"modified":"2025-05-16T08:16:04","modified_gmt":"2025-05-16T08:16:04","slug":"impressum","status":"publish","type":"page","link":"https:\/\/boostpilot.ai\/de\/impressum\/","title":{"rendered":"Impressum"},"content":{"rendered":"<!--themify_builder_content-->\n<div id=\"themify_builder_content-11387\" data-postid=\"11387\" class=\"themify_builder_content themify_builder_content-11387 themify_builder tf_clear\">\n    \t\t\t\t<!-- module_row -->\n\t\t<div  data-lazy=\"1\" class=\"module_row themify_builder_row tb_zk7v156 tb_first tf_w tf_clearfix\">\n\t\t\t\t\t<div class=\"row_inner col_align_top tb_col_count_1 tf_box tf_rel\">\n\t\t\t\t\t<div  data-lazy=\"1\" class=\"module_column tb-column col-full tb_2tkl157 first\">\n\t\t\t\t\t\t\t\t\t<div class=\"tb-column-inner tf_box tf_w\">\n\t\t\t\t\t\t<div  data-lazy=\"1\" class=\"module_subrow themify_builder_sub_row tb_7u1w745 tf_w tf_clearfix\">\n\t\t\t\t\t<div class=\"subrow_inner col_align_top tb_col_count_1 tf_box tf_w\">\n\t\t\t\t\t<div  data-lazy=\"1\" class=\"module_column sub_column col-full tb_h8b2745 first\">\n\t\t\t\t\t\t\t\t\t<div class=\"tb-column-inner tf_box tf_w\">\n\t\t\t\t<!-- module text -->\n<div  class=\"module module-text tb_90gk10   \" data-lazy=\"1\">\n        <div  class=\"tb_text_wrap\">\n    <div class=\"fusion-text fusion-text-1\">\n<h3 class=\"fusion-responsive-typography-calculated\" data-fontsize=\"20\" data-lineheight=\"32px\">Verantwortlich f\u00fcr den Inhalt der Seiten<\/h3>\n<p><strong>BoostPilot.ai<br>@Chancental Works GmbH<\/strong><br>Zinggenstrasse 15<br>CH-9434 Au\/SG<\/p>\n<p>T <a href=\"tel:0041717409517\">+41 71 740 95 17<\/a><br>M <a href=\"tel:0041798773774\">+41 79 877 37 74<\/a><br><a href=\"mailto:info@chancental.com\">info@chancental.com<\/a><\/p>\n<p>UID: CHE-426.031.205<br>VAT: CHE-426.031.205 MWST<\/p>\n<p>Gesch\u00e4ftsf\u00fchrer: Heiko Rosenbohm, <a href=\"mailto:heiko@chancental.com\">heiko@chancental.com<\/a><\/p>\n<\/div>\n<h4 class=\"fusion-sep-clear nitro-offscreen\">Allgemeine Gesch\u00e4ftsbedingungen \/\/ Training &#038; Coaching \/\/ Seminare \/\/ Inhouse-Beratungsmandate<\/h4>\n<div class=\"fusion-text fusion-text-2 nitro-offscreen\">\n<p><a href=\"https:\/\/www.chancental.com\/chancental_agbs_de\/\"><b>LINK zur deutschen Version<\/b><\/a><\/p>\n<p><a href=\"https:\/\/www.chancental.com\/chancental_terms_conditions_en\/\"><b>LINK to the English version<\/b><\/a><\/p>\n<\/div>\n<h4 class=\"fusion-sep-clear nitro-offscreen\">Bildnachweis<\/h4>\n<div class=\"fusion-text fusion-text-3 nitro-offscreen\">\n<p>S\u00e4mtliche Bilder stammen aus eigenem Archiv oder wurden mit freundlicher Genehmigung zur Verf\u00fcgung gestellt.<br>Stockbilder: <a href=\"https:\/\/unsplash.com\/\" target=\"_blank\" rel=\"noopener noreferrer\">Unsplash<\/a><\/p>\n<\/div>\n<div class=\"fusion-text fusion-text-4 nitro-offscreen\">\n<h4 class=\"fusion-responsive-typography-calculated\" data-fontsize=\"20\" data-lineheight=\"32px\">Copyright<\/h4>\n<p>Das Copyright f\u00fcr s\u00e4mtliche Inhalte dieser Website liegt bei Chancental Works GmbH. Alle verwendeteten Logos, Firmen- , Produkt- und Markenzeichen sind in der Regel von den jeweiligen Firmen und Urhebern gesetzlich gesch\u00fctzt. <\/p>\n<\/div>\n<div class=\"fusion-text fusion-text-5 nitro-offscreen\">\n<h4 class=\"fusion-responsive-typography-calculated\" data-fontsize=\"20\" data-lineheight=\"32px\">Disclaimer<\/h4>\n<p>Alle Texte und Links wurden sorgf\u00e4ltig gepr\u00fcft und werden laufend aktualisiert. Wir sind bem\u00fcht, richtige und vollst\u00e4ndige Informationen auf dieser Website bereitzustellen, \u00fcbernehmen aber keinerlei Verantwortung, Garantien oder Haftung daf\u00fcr, dass die durch diese Website bereitgestellten Informationen, richtig, vollst\u00e4ndig oder aktuell sind. Wir behalten uns das Recht vor, jederzeit und ohne Vorank\u00fcndigung die Informationen auf dieser Website zu \u00e4ndern und verpflichten uns auch nicht, die enthaltenen Informationen zu aktualisieren. Alle Links zu externen Anbietern wurden zum Zeitpunkt ihrer Aufnahme auf ihre Richtigkeit \u00fcberpr\u00fcft, dennoch haften wir nicht f\u00fcr Inhalte und Verf\u00fcgbarkeit von Websites, die mittels Hyperlinks zu erreichen sind. F\u00fcr illegale, fehlerhafte oder unvollst\u00e4ndige Inhalte und insbesondere f\u00fcr Sch\u00e4den, die durch Inhalte verkn\u00fcpfter Seiten entstehen, haftet allein der Anbieter der Seite, auf welche verwiesen wurde. Dabei ist es gleichg\u00fcltig, ob der Schaden direkter, indirekter oder finanzieller Natur ist oder ein sonstiger Schaden vorliegt, der sich aus Datenverlust, Nutzungsausfall oder anderen Gr\u00fcnden aller Art ergeben k\u00f6nnte.     <\/p>\n<\/div>    <\/div>\n<\/div>\n<!-- \/module text -->\t\t\t\t<\/div><!-- .tb-column-inner -->\n\t\t\t\t\t\t<\/div><!-- .module_column -->\n\t\t\t\t\t\t<\/div><!-- .subrow_inner -->\n\t\t<\/div><!-- .themify_builder_sub_row -->\n\t\t\t\t\t\t\t\t<\/div><!-- .tb-column-inner -->\n\t\t\t\t\t\t<\/div><!-- .module_column -->\n\t\t\t\t\t\t<\/div><!-- .row_inner -->\n\t\t<\/div><!-- .module_row -->\n\t\t\t\t<\/div>\n<!--\/themify_builder_content-->","protected":false},"excerpt":{"rendered":"<p>Verantwortlich f\u00fcr den Inhalt der Seiten BoostPilot.ai@Chancental Works GmbHZinggenstrasse 15CH-9434 Au\/SG T +41 71 740 95 17M +41 79 877 37 74info@chancental.com UID: CHE-426.031.205VAT: CHE-426.031.205 MWST Gesch\u00e4ftsf\u00fchrer: Heiko Rosenbohm, heiko@chancental.com Allgemeine Gesch\u00e4ftsbedingungen \/\/ Training &#038; Coaching \/\/ Seminare \/\/ Inhouse-Beratungsmandate LINK zur deutschen Version LINK to the English version Bildnachweis S\u00e4mtliche Bilder stammen aus eigenem [&hellip;]<\/p>\n","protected":false},"author":2,"featured_media":0,"parent":0,"menu_order":0,"comment_status":"closed","ping_status":"closed","template":"","meta":{"footnotes":""},"class_list":["post-11387","page","type-page","status-publish","hentry","has-post-title","has-post-date","has-post-category","has-post-tag","has-post-comment","has-post-author",""],"yoast_head":"<!-- This site is optimized with the Yoast SEO plugin v27.4 - https:\/\/yoast.com\/product\/yoast-seo-wordpress\/ -->\n<title>Impressum - BoostPilot.ai<\/title>\n<meta name=\"robots\" content=\"index, follow, max-snippet:-1, max-image-preview:large, max-video-preview:-1\" \/>\n<link rel=\"canonical\" href=\"https:\/\/boostpilot.ai\/de\/impressum\/\" \/>\n<meta property=\"og:locale\" content=\"de_DE\" \/>\n<meta property=\"og:type\" content=\"article\" \/>\n<meta property=\"og:title\" content=\"Impressum - BoostPilot.ai\" \/>\n<meta property=\"og:description\" content=\"Verantwortlich f\u00fcr den Inhalt der Seiten BoostPilot.ai@Chancental Works GmbHZinggenstrasse 15CH-9434 Au\/SG T +41 71 740 95 17M +41 79 877 37 74info@chancental.com UID: CHE-426.031.205VAT: CHE-426.031.205 MWST Gesch\u00e4ftsf\u00fchrer: Heiko Rosenbohm, heiko@chancental.com Allgemeine Gesch\u00e4ftsbedingungen \/\/ Training &amp; Coaching \/\/ Seminare \/\/ Inhouse-Beratungsmandate LINK zur deutschen Version LINK to the English version Bildnachweis S\u00e4mtliche Bilder stammen aus eigenem [&hellip;]\" \/>\n<meta property=\"og:url\" content=\"https:\/\/boostpilot.ai\/de\/impressum\/\" \/>\n<meta property=\"og:site_name\" content=\"BoostPilot.ai\" \/>\n<meta property=\"article:modified_time\" content=\"2025-05-16T08:16:04+00:00\" \/>\n<meta name=\"twitter:card\" content=\"summary_large_image\" \/>\n<script type=\"application\/ld+json\" class=\"yoast-schema-graph\">{\"@context\":\"https:\\\/\\\/schema.org\",\"@graph\":[{\"@type\":\"WebPage\",\"@id\":\"https:\\\/\\\/boostpilot.ai\\\/de\\\/impressum\\\/\",\"url\":\"https:\\\/\\\/boostpilot.ai\\\/de\\\/impressum\\\/\",\"name\":\"Impressum - BoostPilot.ai\",\"isPartOf\":{\"@id\":\"https:\\\/\\\/boostpilot.ai\\\/de\\\/#website\"},\"datePublished\":\"2023-06-12T12:29:35+00:00\",\"dateModified\":\"2025-05-16T08:16:04+00:00\",\"breadcrumb\":{\"@id\":\"https:\\\/\\\/boostpilot.ai\\\/de\\\/impressum\\\/#breadcrumb\"},\"inLanguage\":\"de\",\"potentialAction\":[{\"@type\":\"ReadAction\",\"target\":[\"https:\\\/\\\/boostpilot.ai\\\/de\\\/impressum\\\/\"]}]},{\"@type\":\"BreadcrumbList\",\"@id\":\"https:\\\/\\\/boostpilot.ai\\\/de\\\/impressum\\\/#breadcrumb\",\"itemListElement\":[{\"@type\":\"ListItem\",\"position\":1,\"name\":\"Home\",\"item\":\"https:\\\/\\\/boostpilot.ai\\\/de\\\/\"},{\"@type\":\"ListItem\",\"position\":2,\"name\":\"Impressum\"}]},{\"@type\":\"WebSite\",\"@id\":\"https:\\\/\\\/boostpilot.ai\\\/de\\\/#website\",\"url\":\"https:\\\/\\\/boostpilot.ai\\\/de\\\/\",\"name\":\"BoostPilot.ai\",\"description\":\"Accelerate Growth\",\"publisher\":{\"@id\":\"https:\\\/\\\/boostpilot.ai\\\/de\\\/#organization\"},\"potentialAction\":[{\"@type\":\"SearchAction\",\"target\":{\"@type\":\"EntryPoint\",\"urlTemplate\":\"https:\\\/\\\/boostpilot.ai\\\/de\\\/?s={search_term_string}\"},\"query-input\":{\"@type\":\"PropertyValueSpecification\",\"valueRequired\":true,\"valueName\":\"search_term_string\"}}],\"inLanguage\":\"de\"},{\"@type\":\"Organization\",\"@id\":\"https:\\\/\\\/boostpilot.ai\\\/de\\\/#organization\",\"name\":\"BoostPilot.ai\",\"url\":\"https:\\\/\\\/boostpilot.ai\\\/de\\\/\",\"logo\":{\"@type\":\"ImageObject\",\"inLanguage\":\"de\",\"@id\":\"https:\\\/\\\/boostpilot.ai\\\/de\\\/#\\\/schema\\\/logo\\\/image\\\/\",\"url\":\"https:\\\/\\\/boostpilot.ai\\\/wp-content\\\/uploads\\\/2023\\\/05\\\/fulllogo_transparent_nobuffer-1-e1685540259545.png\",\"contentUrl\":\"https:\\\/\\\/boostpilot.ai\\\/wp-content\\\/uploads\\\/2023\\\/05\\\/fulllogo_transparent_nobuffer-1-e1685540259545.png\",\"width\":300,\"height\":74,\"caption\":\"BoostPilot.ai\"},\"image\":{\"@id\":\"https:\\\/\\\/boostpilot.ai\\\/de\\\/#\\\/schema\\\/logo\\\/image\\\/\"}}]}<\/script>\n<!-- \/ Yoast SEO plugin. -->","yoast_head_json":{"title":"Impressum - BoostPilot.ai","robots":{"index":"index","follow":"follow","max-snippet":"max-snippet:-1","max-image-preview":"max-image-preview:large","max-video-preview":"max-video-preview:-1"},"canonical":"https:\/\/boostpilot.ai\/de\/impressum\/","og_locale":"de_DE","og_type":"article","og_title":"Impressum - BoostPilot.ai","og_description":"Verantwortlich f\u00fcr den Inhalt der Seiten BoostPilot.ai@Chancental Works GmbHZinggenstrasse 15CH-9434 Au\/SG T +41 71 740 95 17M +41 79 877 37 74info@chancental.com UID: CHE-426.031.205VAT: CHE-426.031.205 MWST Gesch\u00e4ftsf\u00fchrer: Heiko Rosenbohm, heiko@chancental.com Allgemeine Gesch\u00e4ftsbedingungen \/\/ Training & Coaching \/\/ Seminare \/\/ Inhouse-Beratungsmandate LINK zur deutschen Version LINK to the English version Bildnachweis S\u00e4mtliche Bilder stammen aus eigenem [&hellip;]","og_url":"https:\/\/boostpilot.ai\/de\/impressum\/","og_site_name":"BoostPilot.ai","article_modified_time":"2025-05-16T08:16:04+00:00","twitter_card":"summary_large_image","schema":{"@context":"https:\/\/schema.org","@graph":[{"@type":"WebPage","@id":"https:\/\/boostpilot.ai\/de\/impressum\/","url":"https:\/\/boostpilot.ai\/de\/impressum\/","name":"Impressum - BoostPilot.ai","isPartOf":{"@id":"https:\/\/boostpilot.ai\/de\/#website"},"datePublished":"2023-06-12T12:29:35+00:00","dateModified":"2025-05-16T08:16:04+00:00","breadcrumb":{"@id":"https:\/\/boostpilot.ai\/de\/impressum\/#breadcrumb"},"inLanguage":"de","potentialAction":[{"@type":"ReadAction","target":["https:\/\/boostpilot.ai\/de\/impressum\/"]}]},{"@type":"BreadcrumbList","@id":"https:\/\/boostpilot.ai\/de\/impressum\/#breadcrumb","itemListElement":[{"@type":"ListItem","position":1,"name":"Home","item":"https:\/\/boostpilot.ai\/de\/"},{"@type":"ListItem","position":2,"name":"Impressum"}]},{"@type":"WebSite","@id":"https:\/\/boostpilot.ai\/de\/#website","url":"https:\/\/boostpilot.ai\/de\/","name":"BoostPilot.ai","description":"Accelerate Growth","publisher":{"@id":"https:\/\/boostpilot.ai\/de\/#organization"},"potentialAction":[{"@type":"SearchAction","target":{"@type":"EntryPoint","urlTemplate":"https:\/\/boostpilot.ai\/de\/?s={search_term_string}"},"query-input":{"@type":"PropertyValueSpecification","valueRequired":true,"valueName":"search_term_string"}}],"inLanguage":"de"},{"@type":"Organization","@id":"https:\/\/boostpilot.ai\/de\/#organization","name":"BoostPilot.ai","url":"https:\/\/boostpilot.ai\/de\/","logo":{"@type":"ImageObject","inLanguage":"de","@id":"https:\/\/boostpilot.ai\/de\/#\/schema\/logo\/image\/","url":"https:\/\/boostpilot.ai\/wp-content\/uploads\/2023\/05\/fulllogo_transparent_nobuffer-1-e1685540259545.png","contentUrl":"https:\/\/boostpilot.ai\/wp-content\/uploads\/2023\/05\/fulllogo_transparent_nobuffer-1-e1685540259545.png","width":300,"height":74,"caption":"BoostPilot.ai"},"image":{"@id":"https:\/\/boostpilot.ai\/de\/#\/schema\/logo\/image\/"}}]}},"builder_content":"<h3 data-fontsize=\"20\" data-lineheight=\"32px\">Verantwortlich f\u00fcr den Inhalt der Seiten<\/h3> <p><strong>BoostPilot.ai<br>@Chancental Works GmbH<\/strong><br>Zinggenstrasse 15<br>CH-9434 Au\/SG<\/p> <p>T <a href=\"tel:0041717409517\">+41 71 740 95 17<\/a><br>M <a href=\"tel:0041798773774\">+41 79 877 37 74<\/a><br><a href=\"mailto:info@chancental.com\">info@chancental.com<\/a><\/p> <p>UID: CHE-426.031.205<br>VAT: CHE-426.031.205 MWST<\/p> <p>Gesch\u00e4ftsf\u00fchrer: Heiko Rosenbohm, <a href=\"mailto:heiko@chancental.com\">heiko@chancental.com<\/a><\/p>\n<h4>Allgemeine Gesch\u00e4ftsbedingungen \/\/ Training & Coaching \/\/ Seminare \/\/ Inhouse-Beratungsmandate<\/h4>\n<p><a href=\"https:\/\/www.chancental.com\/chancental_agbs_de\/\"><b>LINK zur deutschen Version<\/b><\/a><\/p> <p><a href=\"https:\/\/www.chancental.com\/chancental_terms_conditions_en\/\"><b>LINK to the English version<\/b><\/a><\/p>\n<h4>Bildnachweis<\/h4>\n<p>S\u00e4mtliche Bilder stammen aus eigenem Archiv oder wurden mit freundlicher Genehmigung zur Verf\u00fcgung gestellt.<br>Stockbilder: <a href=\"https:\/\/unsplash.com\/\" target=\"_blank\" rel=\"noopener noreferrer\">Unsplash<\/a><\/p>\n<h4 data-fontsize=\"20\" data-lineheight=\"32px\">Copyright<\/h4> <p>Das Copyright f\u00fcr s\u00e4mtliche Inhalte dieser Website liegt bei Chancental Works GmbH. Alle verwendeteten Logos, Firmen- , Produkt- und Markenzeichen sind in der Regel von den jeweiligen Firmen und Urhebern gesetzlich gesch\u00fctzt. <\/p>\n<h4 data-fontsize=\"20\" data-lineheight=\"32px\">Disclaimer<\/h4> <p>Alle Texte und Links wurden sorgf\u00e4ltig gepr\u00fcft und werden laufend aktualisiert. Wir sind bem\u00fcht, richtige und vollst\u00e4ndige Informationen auf dieser Website bereitzustellen, \u00fcbernehmen aber keinerlei Verantwortung, Garantien oder Haftung daf\u00fcr, dass die durch diese Website bereitgestellten Informationen, richtig, vollst\u00e4ndig oder aktuell sind. Wir behalten uns das Recht vor, jederzeit und ohne Vorank\u00fcndigung die Informationen auf dieser Website zu \u00e4ndern und verpflichten uns auch nicht, die enthaltenen Informationen zu aktualisieren. Alle Links zu externen Anbietern wurden zum Zeitpunkt ihrer Aufnahme auf ihre Richtigkeit \u00fcberpr\u00fcft, dennoch haften wir nicht f\u00fcr Inhalte und Verf\u00fcgbarkeit von Websites, die mittels Hyperlinks zu erreichen sind. F\u00fcr illegale, fehlerhafte oder unvollst\u00e4ndige Inhalte und insbesondere f\u00fcr Sch\u00e4den, die durch Inhalte verkn\u00fcpfter Seiten entstehen, haftet allein der Anbieter der Seite, auf welche verwiesen wurde. Dabei ist es gleichg\u00fcltig, ob der Schaden direkter, indirekter oder finanzieller Natur ist oder ein sonstiger Schaden vorliegt, der sich aus Datenverlust, Nutzungsausfall oder anderen Gr\u00fcnden aller Art ergeben k\u00f6nnte. <\/p>","_links":{"self":[{"href":"https:\/\/boostpilot.ai\/de\/wp-json\/wp\/v2\/pages\/11387","targetHints":{"allow":["GET"]}}],"collection":[{"href":"https:\/\/boostpilot.ai\/de\/wp-json\/wp\/v2\/pages"}],"about":[{"href":"https:\/\/boostpilot.ai\/de\/wp-json\/wp\/v2\/types\/page"}],"author":[{"embeddable":true,"href":"https:\/\/boostpilot.ai\/de\/wp-json\/wp\/v2\/users\/2"}],"replies":[{"embeddable":true,"href":"https:\/\/boostpilot.ai\/de\/wp-json\/wp\/v2\/comments?post=11387"}],"version-history":[{"count":1,"href":"https:\/\/boostpilot.ai\/de\/wp-json\/wp\/v2\/pages\/11387\/revisions"}],"predecessor-version":[{"id":11388,"href":"https:\/\/boostpilot.ai\/de\/wp-json\/wp\/v2\/pages\/11387\/revisions\/11388"}],"wp:attachment":[{"href":"https:\/\/boostpilot.ai\/de\/wp-json\/wp\/v2\/media?parent=11387"}],"curies":[{"name":"wp","href":"https:\/\/api.w.org\/{rel}","templated":true}]}}